{"id":18111,"date":"2024-03-15T21:45:17","date_gmt":"2024-03-15T21:45:17","guid":{"rendered":"https:\/\/viagui.com\/tours-en-cancun\/"},"modified":"2024-03-25T21:53:19","modified_gmt":"2024-03-25T21:53:19","slug":"cancun-tours","status":"publish","type":"page","link":"https:\/\/viagui.com\/en\/cancun-tours\/","title":{"rendered":"Cancun Tours"},"content":{"rendered":"\t\t<div data-elementor-type=\"wp-page\" data-elementor-id=\"18111\" class=\"elementor elementor-18111 elementor-17886\" data-elementor-post-type=\"page\">\n\t\t\t\t<div class=\"elementor-element elementor-element-d42a771 e-flex e-con-boxed e-con e-parent\" data-id=\"d42a771\" data-element_type=\"container\" data-e-type=\"container\">\n\t\t\t\t\t<div class=\"e-con-inner\">\n\t\t\t\t<div class=\"elementor-element elementor-element-4febb65 elementor-invisible elementor-widget elementor-widget-heading\" data-id=\"4febb65\" data-element_type=\"widget\" data-e-type=\"widget\" data-settings=\"{&quot;_animation&quot;:&quot;fadeInLeft&quot;}\" data-widget_type=\"heading.default\">\n\t\t\t\t<div class=\"elementor-widget-container\">\n\t\t\t\t\t<h2 class=\"elementor-heading-title elementor-size-default\">CANCUN TOURS DEALS<\/h2>\t\t\t\t<\/div>\n\t\t\t\t<\/div>\n\t\t\t\t\t<\/div>\n\t\t\t\t<\/div>\n\t\t<div class=\"elementor-element elementor-element-e4c92f9 e-flex e-con-boxed e-con e-parent\" data-id=\"e4c92f9\" data-element_type=\"container\" data-e-type=\"container\">\n\t\t\t\t\t<div class=\"e-con-inner\">\n\t\t\t\t<div class=\"elementor-element elementor-element-d7d1385 elementor-invisible elementor-widget elementor-widget-text-editor\" data-id=\"d7d1385\" data-element_type=\"widget\" data-e-type=\"widget\" data-settings=\"{&quot;_animation&quot;:&quot;fadeInRight&quot;}\" data-widget_type=\"text-editor.default\">\n\t\t\t\t<div class=\"elementor-widget-container\">\n\t\t\t\t\t\t\t\t\t<p style=\"text-align: center;\"><span style=\"font-size: 14pt; color: #ff6600;\"><span style=\"color: #000000;\">Search<strong>\u2192\u00a0 \u00a0 <\/strong><\/span><a style=\"color: #ff6600;\" href=\"https:\/\/viagui.com\/en\/VIP-Deals\/\">\u2022S<\/a>EARCH MORE TOURS<\/span><\/p>\t\t\t\t\t\t\t\t<\/div>\n\t\t\t\t<\/div>\n\t\t\t\t\t<\/div>\n\t\t\t\t<\/div>\n\t\t<div class=\"elementor-element elementor-element-c85c04f e-flex e-con-boxed e-con e-parent\" data-id=\"c85c04f\" data-element_type=\"container\" data-e-type=\"container\">\n\t\t\t\t\t<div class=\"e-con-inner\">\n\t\t\t\t<div class=\"elementor-element elementor-element-59ea0db elementor-invisible elementor-widget elementor-widget-html\" data-id=\"59ea0db\" data-element_type=\"widget\" data-e-type=\"widget\" data-settings=\"{&quot;_animation&quot;:&quot;fadeInUp&quot;}\" data-widget_type=\"html.default\">\n\t\t\t\t<div class=\"elementor-widget-container\">\n\t\t\t\t\t<iframe src=\"https:\/\/www.mycancuntours.com\/affiliates\/index.php?affid=23182\"\r\nwidth=\"800\" height=\"8000\" border=\"0\"\r\nalign=\"center\" allowtransparency=\"true\" frameborder=\"0\" scrolling=\"auto\"> <\/iframe>\t\t\t\t<\/div>\n\t\t\t\t<\/div>\n\t\t\t\t\t<\/div>\n\t\t\t\t<\/div>\n\t\t<div class=\"elementor-element elementor-element-29e9abd e-flex e-con-boxed e-con e-parent\" data-id=\"29e9abd\" data-element_type=\"container\" data-e-type=\"container\">\n\t\t\t\t\t<div class=\"e-con-inner\">\n\t\t\t\t<div class=\"elementor-element elementor-element-ad4cda3 elementor-widget elementor-widget-spacer\" data-id=\"ad4cda3\" data-element_type=\"widget\" data-e-type=\"widget\" data-widget_type=\"spacer.default\">\n\t\t\t\t<div class=\"elementor-widget-container\">\n\t\t\t\t\t\t\t<div class=\"elementor-spacer\">\n\t\t\t<div class=\"elementor-spacer-inner\"><\/div>\n\t\t<\/div>\n\t\t\t\t\t\t<\/div>\n\t\t\t\t<\/div>\n\t\t\t\t\t<\/div>\n\t\t\t\t<\/div>\n\t\t<div class=\"elementor-element elementor-element-a59e787 e-flex e-con-boxed e-con e-parent\" data-id=\"a59e787\" data-element_type=\"container\" data-e-type=\"container\">\n\t\t\t\t\t<div class=\"e-con-inner\">\n\t\t\t\t<div class=\"elementor-element elementor-element-64608e8 elementor-invisible elementor-widget elementor-widget-heading\" data-id=\"64608e8\" data-element_type=\"widget\" data-e-type=\"widget\" data-settings=\"{&quot;_animation&quot;:&quot;fadeInLeft&quot;}\" data-widget_type=\"heading.default\">\n\t\t\t\t<div class=\"elementor-widget-container\">\n\t\t\t\t\t<h2 class=\"elementor-heading-title elementor-size-default\">Cancun tours<\/h2>\t\t\t\t<\/div>\n\t\t\t\t<\/div>\n\t\t\t\t\t<\/div>\n\t\t\t\t<\/div>\n\t\t<div class=\"elementor-element elementor-element-9c43725 e-flex e-con-boxed e-con e-parent\" data-id=\"9c43725\" data-element_type=\"container\" data-e-type=\"container\">\n\t\t\t\t\t<div class=\"e-con-inner\">\n\t\t\t\t<div class=\"elementor-element elementor-element-2a9001c elementor-widget elementor-widget-text-editor\" data-id=\"2a9001c\" data-element_type=\"widget\" data-e-type=\"widget\" data-widget_type=\"text-editor.default\">\n\t\t\t\t<div class=\"elementor-widget-container\">\n\t\t\t\t\t\t\t\t\t<p style=\"border: 0px solid #e3e3e3; --tw-border-spacing-x: 0; --tw-border-spacing-y: 0; --tw-translate-x: 0; --tw-translate-y: 0; --tw-rotate: 0; --tw-skew-x: 0; --tw-skew-y: 0; --tw-scale-x: 1; --tw-scale-y: 1; --tw-scroll-snap-strictness: proximity; --tw-ring-offset-width: 0px; --tw-ring-offset-color: #fff; --tw-ring-color: rgba(69,89,164,.5); --tw-ring-offset-shadow: 0 0 transparent; --tw-ring-shadow: 0 0 transparent; --tw-shadow: 0 0 transparent; --tw-shadow-colored: 0 0 transparent; margin-right: 0px; margin-bottom: 1.25em; margin-left: 0px; color: #0d0d0d; font-family: S\u00f6hne, ui-sans-serif, system-ui, -apple-system, 'Segoe UI', Roboto, Ubuntu, Cantarell, 'Noto Sans', sans-serif, 'Helvetica Neue', Arial, 'Apple Color Emoji', 'Segoe UI Emoji', 'Segoe UI Symbol', 'Noto Color Emoji'; font-size: 16px; white-space-collapse: preserve;\">Immerse yourself in the lushness of Cancun with the exciting tours Viagui has to offer. Known for its white sandy beaches, crystal-clear waters, and vibrant nightlife, Cancun is a dream destination that captivates every visitor. Our tours are designed for you to explore all facets of this Caribbean paradise, from its archaeological sites to its thrilling water activities.<\/p><p style=\"border: 0px solid #e3e3e3; --tw-border-spacing-x: 0; --tw-border-spacing-y: 0; --tw-translate-x: 0; --tw-translate-y: 0; --tw-rotate: 0; --tw-skew-x: 0; --tw-skew-y: 0; --tw-scale-x: 1; --tw-scale-y: 1; --tw-scroll-snap-strictness: proximity; --tw-ring-offset-width: 0px; --tw-ring-offset-color: #fff; --tw-ring-color: rgba(69,89,164,.5); --tw-ring-offset-shadow: 0 0 transparent; --tw-ring-shadow: 0 0 transparent; --tw-shadow: 0 0 transparent; --tw-shadow-colored: 0 0 transparent; margin: 1.25em 0px; color: #0d0d0d; font-family: S\u00f6hne, ui-sans-serif, system-ui, -apple-system, 'Segoe UI', Roboto, Ubuntu, Cantarell, 'Noto Sans', sans-serif, 'Helvetica Neue', Arial, 'Apple Color Emoji', 'Segoe UI Emoji', 'Segoe UI Symbol', 'Noto Color Emoji'; font-size: 16px; white-space-collapse: preserve;\">Let yourself be awed by the majesty of ancient Mayan ruins with our tours to sites like Chich\u00e9n Itz\u00e1, Tulum, and Cob\u00e1. Marvel at the architecture and history of these impressive structures as you uncover the secrets of one of the most fascinating civilizations of the ancient world.<\/p><p style=\"border: 0px solid #e3e3e3; --tw-border-spacing-x: 0; --tw-border-spacing-y: 0; --tw-translate-x: 0; --tw-translate-y: 0; --tw-rotate: 0; --tw-skew-x: 0; --tw-skew-y: 0; --tw-scale-x: 1; --tw-scale-y: 1; --tw-scroll-snap-strictness: proximity; --tw-ring-offset-width: 0px; --tw-ring-offset-color: #fff; --tw-ring-color: rgba(69,89,164,.5); --tw-ring-offset-shadow: 0 0 transparent; --tw-ring-shadow: 0 0 transparent; --tw-shadow: 0 0 transparent; --tw-shadow-colored: 0 0 transparent; margin: 1.25em 0px; color: #0d0d0d; font-family: S\u00f6hne, ui-sans-serif, system-ui, -apple-system, 'Segoe UI', Roboto, Ubuntu, Cantarell, 'Noto Sans', sans-serif, 'Helvetica Neue', Arial, 'Apple Color Emoji', 'Segoe UI Emoji', 'Segoe UI Symbol', 'Noto Color Emoji'; font-size: 16px; white-space-collapse: preserve;\">If you prefer to enjoy the sun and sea, our snorkeling and diving tours will take you to explore the most stunning coral reefs in the region. Discover the amazing diversity of marine life as you dive into crystal-clear waters and marvel at the colors and beauty of Cancun&#8217;s underwater world.<\/p><p style=\"border: 0px solid #e3e3e3; --tw-border-spacing-x: 0; --tw-border-spacing-y: 0; --tw-translate-x: 0; --tw-translate-y: 0; --tw-rotate: 0; --tw-skew-x: 0; --tw-skew-y: 0; --tw-scale-x: 1; --tw-scale-y: 1; --tw-scroll-snap-strictness: proximity; --tw-ring-offset-width: 0px; --tw-ring-offset-color: #fff; --tw-ring-color: rgba(69,89,164,.5); --tw-ring-offset-shadow: 0 0 transparent; --tw-ring-shadow: 0 0 transparent; --tw-shadow: 0 0 transparent; --tw-shadow-colored: 0 0 transparent; margin: 1.25em 0px; color: #0d0d0d; font-family: S\u00f6hne, ui-sans-serif, system-ui, -apple-system, 'Segoe UI', Roboto, Ubuntu, Cantarell, 'Noto Sans', sans-serif, 'Helvetica Neue', Arial, 'Apple Color Emoji', 'Segoe UI Emoji', 'Segoe UI Symbol', 'Noto Color Emoji'; font-size: 16px; white-space-collapse: preserve;\">For adventure lovers, we offer jungle adventure tours, where you can embark on thrilling zip line circuits, rappel into cenotes, and enjoy exciting off-road vehicle rides. Experience the adrenaline rush as you explore the wild nature of the Yucat\u00e1n Peninsula.<\/p><p style=\"border: 0px solid #e3e3e3; --tw-border-spacing-x: 0; --tw-border-spacing-y: 0; --tw-translate-x: 0; --tw-translate-y: 0; --tw-rotate: 0; --tw-skew-x: 0; --tw-skew-y: 0; --tw-scale-x: 1; --tw-scale-y: 1; --tw-scroll-snap-strictness: proximity; --tw-ring-offset-width: 0px; --tw-ring-offset-color: #fff; --tw-ring-color: rgba(69,89,164,.5); --tw-ring-offset-shadow: 0 0 transparent; --tw-ring-shadow: 0 0 transparent; --tw-shadow: 0 0 transparent; --tw-shadow-colored: 0 0 transparent; margin: 1.25em 0px; color: #0d0d0d; font-family: S\u00f6hne, ui-sans-serif, system-ui, -apple-system, 'Segoe UI', Roboto, Ubuntu, Cantarell, 'Noto Sans', sans-serif, 'Helvetica Neue', Arial, 'Apple Color Emoji', 'Segoe UI Emoji', 'Segoe UI Symbol', 'Noto Color Emoji'; font-size: 16px; white-space-collapse: preserve;\">At night, don&#8217;t miss our tours through Cancun&#8217;s lively hotel zone, where you can enjoy delicious dinners at world-class restaurants, experience the excitement of live shows, and dance until dawn at the best nightclubs.<\/p><p style=\"border: 0px solid #e3e3e3; --tw-border-spacing-x: 0; --tw-border-spacing-y: 0; --tw-translate-x: 0; --tw-translate-y: 0; --tw-rotate: 0; --tw-skew-x: 0; --tw-skew-y: 0; --tw-scale-x: 1; --tw-scale-y: 1; --tw-scroll-snap-strictness: proximity; --tw-ring-offset-width: 0px; --tw-ring-offset-color: #fff; --tw-ring-color: rgba(69,89,164,.5); --tw-ring-offset-shadow: 0 0 transparent; --tw-ring-shadow: 0 0 transparent; --tw-shadow: 0 0 transparent; --tw-shadow-colored: 0 0 transparent; margin: 1.25em 0px 0px; color: #0d0d0d; font-family: S\u00f6hne, ui-sans-serif, system-ui, -apple-system, 'Segoe UI', Roboto, Ubuntu, Cantarell, 'Noto Sans', sans-serif, 'Helvetica Neue', Arial, 'Apple Color Emoji', 'Segoe UI Emoji', 'Segoe UI Symbol', 'Noto Color Emoji'; font-size: 16px; white-space-collapse: preserve;\">With Viagui, every tour in Cancun is an unforgettable experience, designed for you to make the most of this paradisiacal destination. Our expert guides will accompany you every step of the way, ensuring you live unforgettable moments and create memories to cherish forever. Book now and get ready for the adventure of a lifetime in Cancun with Viagui!<\/p><hr \/>\t\t\t\t\t\t\t\t<\/div>\n\t\t\t\t<\/div>\n\t\t\t\t\t<\/div>\n\t\t\t\t<\/div>\n\t\t\t\t<\/div>\n\t\t","protected":false},"excerpt":{"rendered":"<p>CANCUN TOURS DEALS Search\u2192\u00a0 \u00a0 \u2022SEARCH MORE TOURS Cancun tours Immerse yourself in the lushness of Cancun with the exciting tours Viagui has to offer. Known for its white sandy beaches, crystal-clear waters, and vibrant nightlife, Cancun is a dream destination that captivates every visitor. Our tours are designed for you to explore all facets [&hellip;]<\/p>\n","protected":false},"author":1,"featured_media":17896,"parent":0,"menu_order":0,"comment_status":"closed","ping_status":"closed","template":"","meta":{"om_disable_all_campaigns":false,"_monsterinsights_skip_tracking":false,"_monsterinsights_sitenote_active":false,"_monsterinsights_sitenote_note":"","_monsterinsights_sitenote_category":0,"_uf_show_specific_survey":0,"_uf_disable_surveys":false,"footnotes":""},"class_list":["post-18111","page","type-page","status-publish","has-post-thumbnail","hentry"],"yoast_head":"<!-- This site is optimized with the Yoast SEO Premium plugin v22.3 (Yoast SEO v27.3) - https:\/\/yoast.com\/product\/yoast-seo-premium-wordpress\/ -->\n<title>Cancun Tours - Viagui.com<\/title>\n<meta name=\"description\" content=\"Discover exciting Cancun tours with Viagui. Experience adventure on crystal-clear beaches and archaeological sites. Book now.\" \/>\n<meta name=\"robots\" content=\"index, follow, max-snippet:-1, max-image-preview:large, max-video-preview:-1\" \/>\n<link rel=\"canonical\" href=\"https:\/\/viagui.com\/en\/cancun-tours\/\" \/>\n<meta property=\"og:locale\" content=\"en_US\" \/>\n<meta property=\"og:type\" content=\"article\" \/>\n<meta property=\"og:title\" content=\"Cancun Tours\" \/>\n<meta property=\"og:description\" content=\"Discover exciting Cancun tours with Viagui. Experience adventure on crystal-clear beaches and archaeological sites. Book now.\" \/>\n<meta property=\"og:url\" content=\"https:\/\/viagui.com\/en\/cancun-tours\/\" \/>\n<meta property=\"og:site_name\" content=\"Viagui.com\" \/>\n<meta property=\"article:publisher\" content=\"https:\/\/www.facebook.com\/ViaguiTravel\/\" \/>\n<meta property=\"article:modified_time\" content=\"2024-03-25T21:53:19+00:00\" \/>\n<meta property=\"og:image\" content=\"https:\/\/viagui.com\/wp-content\/uploads\/MI37B11.png\" \/>\n\t<meta property=\"og:image:width\" content=\"1344\" \/>\n\t<meta property=\"og:image:height\" content=\"896\" \/>\n\t<meta property=\"og:image:type\" content=\"image\/png\" \/>\n<meta name=\"twitter:card\" content=\"summary_large_image\" \/>\n<meta name=\"twitter:label1\" content=\"Est. reading time\" \/>\n\t<meta name=\"twitter:data1\" content=\"2 minutes\" \/>\n<script type=\"application\/ld+json\" class=\"yoast-schema-graph\">{\"@context\":\"https:\\\/\\\/schema.org\",\"@graph\":[{\"@type\":\"WebPage\",\"@id\":\"https:\\\/\\\/viagui.com\\\/en\\\/cancun-tours\\\/\",\"url\":\"https:\\\/\\\/viagui.com\\\/en\\\/cancun-tours\\\/\",\"name\":\"Cancun Tours - Viagui.com\",\"isPartOf\":{\"@id\":\"https:\\\/\\\/viagui.com\\\/en\\\/#website\"},\"primaryImageOfPage\":{\"@id\":\"https:\\\/\\\/viagui.com\\\/en\\\/cancun-tours\\\/#primaryimage\"},\"image\":{\"@id\":\"https:\\\/\\\/viagui.com\\\/en\\\/cancun-tours\\\/#primaryimage\"},\"thumbnailUrl\":\"https:\\\/\\\/viagui.com\\\/wp-content\\\/uploads\\\/MI37B11.png\",\"datePublished\":\"2024-03-15T21:45:17+00:00\",\"dateModified\":\"2024-03-25T21:53:19+00:00\",\"description\":\"Discover exciting Cancun tours with Viagui. Experience adventure on crystal-clear beaches and archaeological sites. Book now.\",\"breadcrumb\":{\"@id\":\"https:\\\/\\\/viagui.com\\\/en\\\/cancun-tours\\\/#breadcrumb\"},\"inLanguage\":\"en-US\",\"potentialAction\":[{\"@type\":\"ReadAction\",\"target\":[\"https:\\\/\\\/viagui.com\\\/en\\\/cancun-tours\\\/\"]}]},{\"@type\":\"ImageObject\",\"inLanguage\":\"en-US\",\"@id\":\"https:\\\/\\\/viagui.com\\\/en\\\/cancun-tours\\\/#primaryimage\",\"url\":\"https:\\\/\\\/viagui.com\\\/wp-content\\\/uploads\\\/MI37B11.png\",\"contentUrl\":\"https:\\\/\\\/viagui.com\\\/wp-content\\\/uploads\\\/MI37B11.png\",\"width\":1344,\"height\":896,\"caption\":\"Tours en Cancun\"},{\"@type\":\"BreadcrumbList\",\"@id\":\"https:\\\/\\\/viagui.com\\\/en\\\/cancun-tours\\\/#breadcrumb\",\"itemListElement\":[{\"@type\":\"ListItem\",\"position\":1,\"name\":\"Home\",\"item\":\"https:\\\/\\\/viagui.com\\\/en\\\/\"},{\"@type\":\"ListItem\",\"position\":2,\"name\":\"Cancun Tours\"}]},{\"@type\":\"WebSite\",\"@id\":\"https:\\\/\\\/viagui.com\\\/en\\\/#website\",\"url\":\"https:\\\/\\\/viagui.com\\\/en\\\/\",\"name\":\"Viagui.com\",\"description\":\"Viagui: Tu compa\u00f1ero de viaje confiable. Explora un mundo de aventuras, reserva vuelos, hoteles, tours y mucho m\u00e1s. \u00a1Comienza tu pr\u00f3xima traves\u00eda con nosotros!\",\"publisher\":{\"@id\":\"https:\\\/\\\/viagui.com\\\/en\\\/#organization\"},\"potentialAction\":[{\"@type\":\"SearchAction\",\"target\":{\"@type\":\"EntryPoint\",\"urlTemplate\":\"https:\\\/\\\/viagui.com\\\/en\\\/?s={search_term_string}\"},\"query-input\":{\"@type\":\"PropertyValueSpecification\",\"valueRequired\":true,\"valueName\":\"search_term_string\"}}],\"inLanguage\":\"en-US\"},{\"@type\":\"Organization\",\"@id\":\"https:\\\/\\\/viagui.com\\\/en\\\/#organization\",\"name\":\"Viagui Travel\",\"url\":\"https:\\\/\\\/viagui.com\\\/en\\\/\",\"logo\":{\"@type\":\"ImageObject\",\"inLanguage\":\"en-US\",\"@id\":\"https:\\\/\\\/viagui.com\\\/en\\\/#\\\/schema\\\/logo\\\/image\\\/\",\"url\":\"https:\\\/\\\/viagui.com\\\/wp-content\\\/uploads\\\/2018\\\/12\\\/LOGO-VIAGUI.png\",\"contentUrl\":\"https:\\\/\\\/viagui.com\\\/wp-content\\\/uploads\\\/2018\\\/12\\\/LOGO-VIAGUI.png\",\"width\":1150,\"height\":473,\"caption\":\"Viagui Travel\"},\"image\":{\"@id\":\"https:\\\/\\\/viagui.com\\\/en\\\/#\\\/schema\\\/logo\\\/image\\\/\"},\"sameAs\":[\"https:\\\/\\\/www.facebook.com\\\/ViaguiTravel\\\/\",\"https:\\\/\\\/instagram.com\\\/viaguitravel\",\"https:\\\/\\\/linkedin.com\\\/company\\\/viagui\\\/\",\"https:\\\/\\\/www.tiktok.com\\\/@viaguitravel\"]}]}<\/script>\n<!-- \/ Yoast SEO Premium plugin. -->","yoast_head_json":{"title":"Cancun Tours - Viagui.com","description":"Discover exciting Cancun tours with Viagui. Experience adventure on crystal-clear beaches and archaeological sites. Book now.","robots":{"index":"index","follow":"follow","max-snippet":"max-snippet:-1","max-image-preview":"max-image-preview:large","max-video-preview":"max-video-preview:-1"},"canonical":"https:\/\/viagui.com\/en\/cancun-tours\/","og_locale":"en_US","og_type":"article","og_title":"Cancun Tours","og_description":"Discover exciting Cancun tours with Viagui. Experience adventure on crystal-clear beaches and archaeological sites. Book now.","og_url":"https:\/\/viagui.com\/en\/cancun-tours\/","og_site_name":"Viagui.com","article_publisher":"https:\/\/www.facebook.com\/ViaguiTravel\/","article_modified_time":"2024-03-25T21:53:19+00:00","og_image":[{"width":1344,"height":896,"url":"https:\/\/viagui.com\/wp-content\/uploads\/MI37B11.png","type":"image\/png"}],"twitter_card":"summary_large_image","twitter_misc":{"Est. reading time":"2 minutes"},"schema":{"@context":"https:\/\/schema.org","@graph":[{"@type":"WebPage","@id":"https:\/\/viagui.com\/en\/cancun-tours\/","url":"https:\/\/viagui.com\/en\/cancun-tours\/","name":"Cancun Tours - Viagui.com","isPartOf":{"@id":"https:\/\/viagui.com\/en\/#website"},"primaryImageOfPage":{"@id":"https:\/\/viagui.com\/en\/cancun-tours\/#primaryimage"},"image":{"@id":"https:\/\/viagui.com\/en\/cancun-tours\/#primaryimage"},"thumbnailUrl":"https:\/\/viagui.com\/wp-content\/uploads\/MI37B11.png","datePublished":"2024-03-15T21:45:17+00:00","dateModified":"2024-03-25T21:53:19+00:00","description":"Discover exciting Cancun tours with Viagui. Experience adventure on crystal-clear beaches and archaeological sites. Book now.","breadcrumb":{"@id":"https:\/\/viagui.com\/en\/cancun-tours\/#breadcrumb"},"inLanguage":"en-US","potentialAction":[{"@type":"ReadAction","target":["https:\/\/viagui.com\/en\/cancun-tours\/"]}]},{"@type":"ImageObject","inLanguage":"en-US","@id":"https:\/\/viagui.com\/en\/cancun-tours\/#primaryimage","url":"https:\/\/viagui.com\/wp-content\/uploads\/MI37B11.png","contentUrl":"https:\/\/viagui.com\/wp-content\/uploads\/MI37B11.png","width":1344,"height":896,"caption":"Tours en Cancun"},{"@type":"BreadcrumbList","@id":"https:\/\/viagui.com\/en\/cancun-tours\/#breadcrumb","itemListElement":[{"@type":"ListItem","position":1,"name":"Home","item":"https:\/\/viagui.com\/en\/"},{"@type":"ListItem","position":2,"name":"Cancun Tours"}]},{"@type":"WebSite","@id":"https:\/\/viagui.com\/en\/#website","url":"https:\/\/viagui.com\/en\/","name":"Viagui.com","description":"Viagui: Tu compa\u00f1ero de viaje confiable. Explora un mundo de aventuras, reserva vuelos, hoteles, tours y mucho m\u00e1s. \u00a1Comienza tu pr\u00f3xima traves\u00eda con nosotros!","publisher":{"@id":"https:\/\/viagui.com\/en\/#organization"},"potentialAction":[{"@type":"SearchAction","target":{"@type":"EntryPoint","urlTemplate":"https:\/\/viagui.com\/en\/?s={search_term_string}"},"query-input":{"@type":"PropertyValueSpecification","valueRequired":true,"valueName":"search_term_string"}}],"inLanguage":"en-US"},{"@type":"Organization","@id":"https:\/\/viagui.com\/en\/#organization","name":"Viagui Travel","url":"https:\/\/viagui.com\/en\/","logo":{"@type":"ImageObject","inLanguage":"en-US","@id":"https:\/\/viagui.com\/en\/#\/schema\/logo\/image\/","url":"https:\/\/viagui.com\/wp-content\/uploads\/2018\/12\/LOGO-VIAGUI.png","contentUrl":"https:\/\/viagui.com\/wp-content\/uploads\/2018\/12\/LOGO-VIAGUI.png","width":1150,"height":473,"caption":"Viagui Travel"},"image":{"@id":"https:\/\/viagui.com\/en\/#\/schema\/logo\/image\/"},"sameAs":["https:\/\/www.facebook.com\/ViaguiTravel\/","https:\/\/instagram.com\/viaguitravel","https:\/\/linkedin.com\/company\/viagui\/","https:\/\/www.tiktok.com\/@viaguitravel"]}]}},"_links":{"self":[{"href":"https:\/\/viagui.com\/en\/wp-json\/wp\/v2\/pages\/18111","targetHints":{"allow":["GET"]}}],"collection":[{"href":"https:\/\/viagui.com\/en\/wp-json\/wp\/v2\/pages"}],"about":[{"href":"https:\/\/viagui.com\/en\/wp-json\/wp\/v2\/types\/page"}],"author":[{"embeddable":true,"href":"https:\/\/viagui.com\/en\/wp-json\/wp\/v2\/users\/1"}],"replies":[{"embeddable":true,"href":"https:\/\/viagui.com\/en\/wp-json\/wp\/v2\/comments?post=18111"}],"version-history":[{"count":14,"href":"https:\/\/viagui.com\/en\/wp-json\/wp\/v2\/pages\/18111\/revisions"}],"predecessor-version":[{"id":18126,"href":"https:\/\/viagui.com\/en\/wp-json\/wp\/v2\/pages\/18111\/revisions\/18126"}],"wp:featuredmedia":[{"embeddable":true,"href":"https:\/\/viagui.com\/en\/wp-json\/wp\/v2\/media\/17896"}],"wp:attachment":[{"href":"https:\/\/viagui.com\/en\/wp-json\/wp\/v2\/media?parent=18111"}],"curies":[{"name":"wp","href":"https:\/\/api.w.org\/{rel}","templated":true}]}}