{"id":19751,"date":"2025-12-29T23:37:15","date_gmt":"2025-12-29T23:37:15","guid":{"rendered":"https:\/\/viagui.com\/?page_id=19751"},"modified":"2026-03-22T17:42:50","modified_gmt":"2026-03-22T17:42:50","slug":"viaguiclub","status":"publish","type":"page","link":"https:\/\/viagui.com\/en\/viaguiclub\/","title":{"rendered":"Viagui Club"},"content":{"rendered":"\t\t<div data-elementor-type=\"wp-page\" data-elementor-id=\"19751\" class=\"elementor elementor-19751 elementor-19750\" data-elementor-post-type=\"page\">\n\t\t\t\t\t\t<section class=\"elementor-section elementor-top-section elementor-element elementor-element-3a1b1979 elementor-section-boxed elementor-section-height-default elementor-section-height-default\" data-id=\"3a1b1979\" data-element_type=\"section\" data-e-type=\"section\" data-settings=\"{&quot;background_background&quot;:&quot;video&quot;,&quot;background_video_link&quot;:&quot;https:\\\/\\\/youtu.be\\\/-JvYsC82Kqg&quot;}\">\n\t\t\t\t\t\t\t\t<div class=\"elementor-background-video-container elementor-hidden-mobile\">\n\t\t\t\t\t\t\t\t\t\t\t\t\t<div class=\"elementor-background-video-embed\" role=\"presentation\"><\/div>\n\t\t\t\t\t\t\t\t\t\t\t\t<\/div>\n\t\t\t\t\t\t\t\t<div class=\"elementor-container elementor-column-gap-no\">\n\t\t\t\t\t<div class=\"elementor-column elementor-col-100 elementor-top-column elementor-element elementor-element-5c78bfae\" data-id=\"5c78bfae\" data-element_type=\"column\" data-e-type=\"column\">\n\t\t\t<div class=\"elementor-widget-wrap elementor-element-populated\">\n\t\t\t\t\t\t<div class=\"elementor-element elementor-element-c0470f3 elementor-invisible elementor-widget elementor-widget-heading\" data-id=\"c0470f3\" data-element_type=\"widget\" data-e-type=\"widget\" data-settings=\"{&quot;_animation&quot;:&quot;fadeInRight&quot;}\" data-widget_type=\"heading.default\">\n\t\t\t\t<div class=\"elementor-widget-container\">\n\t\t\t\t\t<h1 class=\"elementor-heading-title elementor-size-default\">Viagui Club<\/h1>\t\t\t\t<\/div>\n\t\t\t\t<\/div>\n\t\t\t\t<div class=\"elementor-element elementor-element-7dc8cfe elementor-invisible elementor-widget elementor-widget-heading\" data-id=\"7dc8cfe\" data-element_type=\"widget\" data-e-type=\"widget\" data-settings=\"{&quot;_animation&quot;:&quot;fadeInLeft&quot;}\" data-widget_type=\"heading.default\">\n\t\t\t\t<div class=\"elementor-widget-container\">\n\t\t\t\t\t<h2 class=\"elementor-heading-title elementor-size-default\">The travel club for those seeking extraordinary experiences<\/h2>\t\t\t\t<\/div>\n\t\t\t\t<\/div>\n\t\t\t\t<div class=\"elementor-element elementor-element-4f0c6a9 elementor-widget__width-inherit elementor-widget-mobile__width-inherit elementor-tabs-alignment-center e-transform elementor-tabs-view-horizontal elementor-invisible elementor-widget elementor-widget-tabs\" data-id=\"4f0c6a9\" data-element_type=\"widget\" data-e-type=\"widget\" id=\"h-tabs\" data-settings=\"{&quot;_animation&quot;:&quot;fadeInUp&quot;,&quot;_transform_scale_effect&quot;:{&quot;unit&quot;:&quot;px&quot;,&quot;size&quot;:&quot;&quot;,&quot;sizes&quot;:[]},&quot;_transform_scale_effect_laptop&quot;:{&quot;unit&quot;:&quot;px&quot;,&quot;size&quot;:&quot;&quot;,&quot;sizes&quot;:[]},&quot;_transform_scale_effect_tablet&quot;:{&quot;unit&quot;:&quot;px&quot;,&quot;size&quot;:&quot;&quot;,&quot;sizes&quot;:[]},&quot;_transform_scale_effect_mobile&quot;:{&quot;unit&quot;:&quot;px&quot;,&quot;size&quot;:&quot;&quot;,&quot;sizes&quot;:[]}}\" data-widget_type=\"tabs.default\">\n\t\t\t\t<div class=\"elementor-widget-container\">\n\t\t\t\t\t\t\t<div class=\"elementor-tabs\">\n\t\t\t<div class=\"elementor-tabs-wrapper\" role=\"tablist\">\n\t\t\t\t\t\t\t\t\t<div id=\"elementor-tab-title-8281\" class=\"elementor-tab-title elementor-tab-desktop-title\" aria-selected=\"true\" data-tab=\"1\" role=\"tab\" tabindex=\"0\" aria-controls=\"elementor-tab-content-8281\" aria-expanded=\"false\">Lifestyle<\/div>\n\t\t\t\t\t\t\t\t\t<div id=\"elementor-tab-title-8282\" class=\"elementor-tab-title elementor-tab-desktop-title\" aria-selected=\"false\" data-tab=\"2\" role=\"tab\" tabindex=\"-1\" aria-controls=\"elementor-tab-content-8282\" aria-expanded=\"false\">Adventure<\/div>\n\t\t\t\t\t\t\t\t\t<div id=\"elementor-tab-title-8283\" class=\"elementor-tab-title elementor-tab-desktop-title\" aria-selected=\"false\" data-tab=\"3\" role=\"tab\" tabindex=\"-1\" aria-controls=\"elementor-tab-content-8283\" aria-expanded=\"false\">Travel<\/div>\n\t\t\t\t\t\t\t<\/div>\n\t\t\t<div class=\"elementor-tabs-content-wrapper\" role=\"tablist\" aria-orientation=\"vertical\">\n\t\t\t\t\t\t\t\t\t<div class=\"elementor-tab-title elementor-tab-mobile-title\" aria-selected=\"true\" data-tab=\"1\" role=\"tab\" tabindex=\"0\" aria-controls=\"elementor-tab-content-8281\" aria-expanded=\"false\">Lifestyle<\/div>\n\t\t\t\t\t<div id=\"elementor-tab-content-8281\" class=\"elementor-tab-content elementor-clearfix\" data-tab=\"1\" role=\"tabpanel\" aria-labelledby=\"elementor-tab-title-8281\" tabindex=\"0\" hidden=\"false\"><table style=\"border-collapse: collapse;\" cellpadding=\"10\">\n<tbody>\n<tr>\n<td style=\"width: 50%; background-color: #ffffff; text-align: center; vertical-align: middle;\">\n<h5><span style=\"color: #008000; font-size: 1.25rem;\">Join the Grape and Bread Circle<\/span> <span style=\"color: #008000; font-size: 1.25rem;\">(world of wine and spirits)<\/span> <span style=\"font-size: 1.25rem; color: #008000;\">and go wine tourism.<br \/> Join us for<\/span> <span style=\"font-size: 1.25rem; color: #008000;\">events with<\/span> <span style=\"color: #008000; font-size: 1.25rem;\">renowned chefs, cocktails, and wine tasting.<\/span><\/h5>\n<h5><span style=\"color: #008000;\">Be part of the Path of Light group (wellness, meditation and yoga)<br \/> Join us on our journeys and reconnect with your inner peace.  <\/span><br \/><span style=\"color: #008000;\"> <\/span><\/h5>\n<\/td>\n<\/tr>\n<tr>\n<td style=\"width: 50%; background-color: #ffffff; text-align: center; vertical-align: middle;\">\n<h5><a href=\"https:\/\/Viagui.com\/Viagui-Club\/Registro\">JOIN VIAGUI CLUB<\/a><\/h5>\n<\/td>\n<\/tr>\n<\/tbody>\n<\/table>\n<p><\/p><\/div><\/div><\/div><\/div><\/div><\/div><\/div><\/div><\/section><\/div> <a href=\"https:\/\/viagui.com\/en\/viaguiclub\/#more-19751\" class=\"more-link elementor-more-link\"><span aria-label=\"Continue reading Viagui Club\">(more&hellip;)<\/span><\/a>","protected":false},"excerpt":{"rendered":"<p>Viagui Club El club de viajes para quienes buscan experiencias extraordinarias Lifestyle Adventure Travel Lifestyle \u00danete al C\u00edrculo de Uva y Pan(mundo del vino y los licores)\u00a0y realiza Enoturismo, acomp\u00e1\u00f1anos a eventos con\u00a0chefs de renombre, cockteles y cata de vinos. S\u00e9 parte del grupo Sendero de la Luz (bienestar,\u00a0 meditaci\u00f3n y yoga) acomp\u00e1\u00f1anos en nuestros [&hellip;]<\/p>\n","protected":false},"author":1,"featured_media":20202,"parent":0,"menu_order":0,"comment_status":"closed","ping_status":"closed","template":"elementor_header_footer","meta":{"om_disable_all_campaigns":false,"_monsterinsights_skip_tracking":false,"_monsterinsights_sitenote_active":false,"_monsterinsights_sitenote_note":"","_monsterinsights_sitenote_category":0,"_uf_show_specific_survey":0,"_uf_disable_surveys":false,"footnotes":""},"class_list":["post-19751","page","type-page","status-publish","has-post-thumbnail","hentry"],"yoast_head":"<!-- This site is optimized with the Yoast SEO Premium plugin v22.3 (Yoast SEO v27.3) - https:\/\/yoast.com\/product\/yoast-seo-premium-wordpress\/ -->\n<title>Viagui Club - Viagui.com<\/title>\n<meta name=\"description\" content=\"Join Viagui Club and access exclusive trips, premium experiences, VIP benefits and special offers for discerning travelers.\" \/>\n<meta name=\"robots\" content=\"index, follow, max-snippet:-1, max-image-preview:large, max-video-preview:-1\" \/>\n<link rel=\"canonical\" href=\"https:\/\/viagui.com\/en\/viaguiclub\/\" \/>\n<meta property=\"og:locale\" content=\"en_US\" \/>\n<meta property=\"og:type\" content=\"article\" \/>\n<meta property=\"og:title\" content=\"Viagui Club\" \/>\n<meta property=\"og:description\" content=\"Join Viagui Club and access exclusive trips, premium experiences, VIP benefits and special offers for discerning travelers.\" \/>\n<meta property=\"og:url\" content=\"https:\/\/viagui.com\/en\/viaguiclub\/\" \/>\n<meta property=\"og:site_name\" content=\"Viagui.com\" \/>\n<meta property=\"article:publisher\" content=\"https:\/\/www.facebook.com\/ViaguiTravel\/\" \/>\n<meta property=\"article:modified_time\" content=\"2026-03-22T17:42:50+00:00\" \/>\n<meta property=\"og:image\" content=\"https:\/\/viagui.com\/wp-content\/uploads\/Registro-Viagui-Club-1200x900.png\" \/>\n\t<meta property=\"og:image:width\" content=\"1200\" \/>\n\t<meta property=\"og:image:height\" content=\"900\" \/>\n\t<meta property=\"og:image:type\" content=\"image\/png\" \/>\n<meta name=\"twitter:card\" content=\"summary_large_image\" \/>\n<meta name=\"twitter:label1\" content=\"Est. reading time\" \/>\n\t<meta name=\"twitter:data1\" content=\"4 minutes\" \/>\n<script type=\"application\/ld+json\" class=\"yoast-schema-graph\">{\"@context\":\"https:\\\/\\\/schema.org\",\"@graph\":[{\"@type\":\"WebPage\",\"@id\":\"https:\\\/\\\/viagui.com\\\/en\\\/viaguiclub\\\/\",\"url\":\"https:\\\/\\\/viagui.com\\\/en\\\/viaguiclub\\\/\",\"name\":\"Viagui Club - Viagui.com\",\"isPartOf\":{\"@id\":\"https:\\\/\\\/viagui.com\\\/en\\\/#website\"},\"primaryImageOfPage\":{\"@id\":\"https:\\\/\\\/viagui.com\\\/en\\\/viaguiclub\\\/#primaryimage\"},\"image\":{\"@id\":\"https:\\\/\\\/viagui.com\\\/en\\\/viaguiclub\\\/#primaryimage\"},\"thumbnailUrl\":\"https:\\\/\\\/viagui.com\\\/wp-content\\\/uploads\\\/Registro-Viagui-Club.png\",\"datePublished\":\"2025-12-29T23:37:15+00:00\",\"dateModified\":\"2026-03-22T17:42:50+00:00\",\"description\":\"Join Viagui Club and access exclusive trips, premium experiences, VIP benefits and special offers for discerning travelers.\",\"breadcrumb\":{\"@id\":\"https:\\\/\\\/viagui.com\\\/en\\\/viaguiclub\\\/#breadcrumb\"},\"inLanguage\":\"en-US\",\"potentialAction\":[{\"@type\":\"ReadAction\",\"target\":[\"https:\\\/\\\/viagui.com\\\/en\\\/viaguiclub\\\/\"]}]},{\"@type\":\"ImageObject\",\"inLanguage\":\"en-US\",\"@id\":\"https:\\\/\\\/viagui.com\\\/en\\\/viaguiclub\\\/#primaryimage\",\"url\":\"https:\\\/\\\/viagui.com\\\/wp-content\\\/uploads\\\/Registro-Viagui-Club.png\",\"contentUrl\":\"https:\\\/\\\/viagui.com\\\/wp-content\\\/uploads\\\/Registro-Viagui-Club.png\",\"width\":1536,\"height\":1024},{\"@type\":\"BreadcrumbList\",\"@id\":\"https:\\\/\\\/viagui.com\\\/en\\\/viaguiclub\\\/#breadcrumb\",\"itemListElement\":[{\"@type\":\"ListItem\",\"position\":1,\"name\":\"Home\",\"item\":\"https:\\\/\\\/viagui.com\\\/en\\\/\"},{\"@type\":\"ListItem\",\"position\":2,\"name\":\"Viagui Club\"}]},{\"@type\":\"WebSite\",\"@id\":\"https:\\\/\\\/viagui.com\\\/en\\\/#website\",\"url\":\"https:\\\/\\\/viagui.com\\\/en\\\/\",\"name\":\"Viagui.com\",\"description\":\"Viagui: Tu compa\u00f1ero de viaje confiable. Explora un mundo de aventuras, reserva vuelos, hoteles, tours y mucho m\u00e1s. \u00a1Comienza tu pr\u00f3xima traves\u00eda con nosotros!\",\"publisher\":{\"@id\":\"https:\\\/\\\/viagui.com\\\/en\\\/#organization\"},\"potentialAction\":[{\"@type\":\"SearchAction\",\"target\":{\"@type\":\"EntryPoint\",\"urlTemplate\":\"https:\\\/\\\/viagui.com\\\/en\\\/?s={search_term_string}\"},\"query-input\":{\"@type\":\"PropertyValueSpecification\",\"valueRequired\":true,\"valueName\":\"search_term_string\"}}],\"inLanguage\":\"en-US\"},{\"@type\":\"Organization\",\"@id\":\"https:\\\/\\\/viagui.com\\\/en\\\/#organization\",\"name\":\"Viagui Travel\",\"url\":\"https:\\\/\\\/viagui.com\\\/en\\\/\",\"logo\":{\"@type\":\"ImageObject\",\"inLanguage\":\"en-US\",\"@id\":\"https:\\\/\\\/viagui.com\\\/en\\\/#\\\/schema\\\/logo\\\/image\\\/\",\"url\":\"https:\\\/\\\/viagui.com\\\/wp-content\\\/uploads\\\/2018\\\/12\\\/LOGO-VIAGUI.png\",\"contentUrl\":\"https:\\\/\\\/viagui.com\\\/wp-content\\\/uploads\\\/2018\\\/12\\\/LOGO-VIAGUI.png\",\"width\":1150,\"height\":473,\"caption\":\"Viagui Travel\"},\"image\":{\"@id\":\"https:\\\/\\\/viagui.com\\\/en\\\/#\\\/schema\\\/logo\\\/image\\\/\"},\"sameAs\":[\"https:\\\/\\\/www.facebook.com\\\/ViaguiTravel\\\/\",\"https:\\\/\\\/instagram.com\\\/viaguitravel\",\"https:\\\/\\\/linkedin.com\\\/company\\\/viagui\\\/\",\"https:\\\/\\\/www.tiktok.com\\\/@viaguitravel\"]}]}<\/script>\n<!-- \/ Yoast SEO Premium plugin. -->","yoast_head_json":{"title":"Viagui Club - Viagui.com","description":"Join Viagui Club and access exclusive trips, premium experiences, VIP benefits and special offers for discerning travelers.","robots":{"index":"index","follow":"follow","max-snippet":"max-snippet:-1","max-image-preview":"max-image-preview:large","max-video-preview":"max-video-preview:-1"},"canonical":"https:\/\/viagui.com\/en\/viaguiclub\/","og_locale":"en_US","og_type":"article","og_title":"Viagui Club","og_description":"Join Viagui Club and access exclusive trips, premium experiences, VIP benefits and special offers for discerning travelers.","og_url":"https:\/\/viagui.com\/en\/viaguiclub\/","og_site_name":"Viagui.com","article_publisher":"https:\/\/www.facebook.com\/ViaguiTravel\/","article_modified_time":"2026-03-22T17:42:50+00:00","og_image":[{"width":1200,"height":900,"url":"https:\/\/viagui.com\/wp-content\/uploads\/Registro-Viagui-Club-1200x900.png","type":"image\/png"}],"twitter_card":"summary_large_image","twitter_misc":{"Est. reading time":"4 minutes"},"schema":{"@context":"https:\/\/schema.org","@graph":[{"@type":"WebPage","@id":"https:\/\/viagui.com\/en\/viaguiclub\/","url":"https:\/\/viagui.com\/en\/viaguiclub\/","name":"Viagui Club - Viagui.com","isPartOf":{"@id":"https:\/\/viagui.com\/en\/#website"},"primaryImageOfPage":{"@id":"https:\/\/viagui.com\/en\/viaguiclub\/#primaryimage"},"image":{"@id":"https:\/\/viagui.com\/en\/viaguiclub\/#primaryimage"},"thumbnailUrl":"https:\/\/viagui.com\/wp-content\/uploads\/Registro-Viagui-Club.png","datePublished":"2025-12-29T23:37:15+00:00","dateModified":"2026-03-22T17:42:50+00:00","description":"Join Viagui Club and access exclusive trips, premium experiences, VIP benefits and special offers for discerning travelers.","breadcrumb":{"@id":"https:\/\/viagui.com\/en\/viaguiclub\/#breadcrumb"},"inLanguage":"en-US","potentialAction":[{"@type":"ReadAction","target":["https:\/\/viagui.com\/en\/viaguiclub\/"]}]},{"@type":"ImageObject","inLanguage":"en-US","@id":"https:\/\/viagui.com\/en\/viaguiclub\/#primaryimage","url":"https:\/\/viagui.com\/wp-content\/uploads\/Registro-Viagui-Club.png","contentUrl":"https:\/\/viagui.com\/wp-content\/uploads\/Registro-Viagui-Club.png","width":1536,"height":1024},{"@type":"BreadcrumbList","@id":"https:\/\/viagui.com\/en\/viaguiclub\/#breadcrumb","itemListElement":[{"@type":"ListItem","position":1,"name":"Home","item":"https:\/\/viagui.com\/en\/"},{"@type":"ListItem","position":2,"name":"Viagui Club"}]},{"@type":"WebSite","@id":"https:\/\/viagui.com\/en\/#website","url":"https:\/\/viagui.com\/en\/","name":"Viagui.com","description":"Viagui: Tu compa\u00f1ero de viaje confiable. Explora un mundo de aventuras, reserva vuelos, hoteles, tours y mucho m\u00e1s. \u00a1Comienza tu pr\u00f3xima traves\u00eda con nosotros!","publisher":{"@id":"https:\/\/viagui.com\/en\/#organization"},"potentialAction":[{"@type":"SearchAction","target":{"@type":"EntryPoint","urlTemplate":"https:\/\/viagui.com\/en\/?s={search_term_string}"},"query-input":{"@type":"PropertyValueSpecification","valueRequired":true,"valueName":"search_term_string"}}],"inLanguage":"en-US"},{"@type":"Organization","@id":"https:\/\/viagui.com\/en\/#organization","name":"Viagui Travel","url":"https:\/\/viagui.com\/en\/","logo":{"@type":"ImageObject","inLanguage":"en-US","@id":"https:\/\/viagui.com\/en\/#\/schema\/logo\/image\/","url":"https:\/\/viagui.com\/wp-content\/uploads\/2018\/12\/LOGO-VIAGUI.png","contentUrl":"https:\/\/viagui.com\/wp-content\/uploads\/2018\/12\/LOGO-VIAGUI.png","width":1150,"height":473,"caption":"Viagui Travel"},"image":{"@id":"https:\/\/viagui.com\/en\/#\/schema\/logo\/image\/"},"sameAs":["https:\/\/www.facebook.com\/ViaguiTravel\/","https:\/\/instagram.com\/viaguitravel","https:\/\/linkedin.com\/company\/viagui\/","https:\/\/www.tiktok.com\/@viaguitravel"]}]}},"_links":{"self":[{"href":"https:\/\/viagui.com\/en\/wp-json\/wp\/v2\/pages\/19751","targetHints":{"allow":["GET"]}}],"collection":[{"href":"https:\/\/viagui.com\/en\/wp-json\/wp\/v2\/pages"}],"about":[{"href":"https:\/\/viagui.com\/en\/wp-json\/wp\/v2\/types\/page"}],"author":[{"embeddable":true,"href":"https:\/\/viagui.com\/en\/wp-json\/wp\/v2\/users\/1"}],"replies":[{"embeddable":true,"href":"https:\/\/viagui.com\/en\/wp-json\/wp\/v2\/comments?post=19751"}],"version-history":[{"count":20,"href":"https:\/\/viagui.com\/en\/wp-json\/wp\/v2\/pages\/19751\/revisions"}],"predecessor-version":[{"id":20090,"href":"https:\/\/viagui.com\/en\/wp-json\/wp\/v2\/pages\/19751\/revisions\/20090"}],"wp:featuredmedia":[{"embeddable":true,"href":"https:\/\/viagui.com\/en\/wp-json\/wp\/v2\/media\/20202"}],"wp:attachment":[{"href":"https:\/\/viagui.com\/en\/wp-json\/wp\/v2\/media?parent=19751"}],"curies":[{"name":"wp","href":"https:\/\/api.w.org\/{rel}","templated":true}]}}